{"id":901,"date":"2022-06-13T13:58:24","date_gmt":"2022-06-13T11:58:24","guid":{"rendered":"https:\/\/pasaretklima.hu\/?post_type=product&#038;p=901"},"modified":"2022-06-17T22:23:26","modified_gmt":"2022-06-17T20:23:26","slug":"midea-breezeless","status":"publish","type":"product","link":"https:\/\/pasaretklima.hu\/en\/klimak\/midea\/midea-breezeless\/","title":{"rendered":"Midea Breezeless+"},"content":{"rendered":"","protected":false},"excerpt":{"rendered":"<ul>\n<li>automatikus \u00fajraindul\u00e1s \u00e1ramkimarad\u00e1s ut\u00e1n<\/li>\n<li>lamella mem\u00f3ria funkci\u00f3<\/li>\n<li>alacsony h\u0171t\u0151k\u00f6zeg \u00e9rz\u00e9kel\u00e9s<\/li>\n<li>Cold catalyst sz\u0171r\u0151<\/li>\n<li>1 W fogyaszt\u00e1s k\u00e9szenl\u00e9ti \u00fczemm\u00f3dban<\/li>\n<li>12 fokozat\u00fa ventil\u00e1tor<\/li>\n<li>turb\u00f3 \u00fczemm\u00f3d<\/li>\n<li>alv\u00e1s automata funkci\u00f3<\/li>\n<li>k\u00e9tir\u00e1ny\u00fa p\u00e1szt\u00e1z\u00e1s<\/li>\n<li>ECO \u00fczemm\u00f3d<\/li>\n<li>k\u00f6nny\u0171 tiszt\u00edthat\u00f3s\u00e1g<\/li>\n<li>v\u00e9szhelyzeti \u00fczemm\u00f3d<\/li>\n<li>nagy s\u0171r\u0171s\u00e9g\u0171 sz\u0171r\u0151<\/li>\n<li>8 C temper\u00e1l\u00f3 f\u0171t\u00e9s<\/li>\n<li>5 fokozat\u00fa k\u00fclt\u00e9ri ventil\u00e1tor<\/li>\n<li>rozsda\u00e1ll\u00f3 k\u00fclt\u00e9ri burkolat<\/li>\n<li>h\u0171t\u00e9s alacsony k\u00fcls\u0151 h\u0151m\u00e9rs\u00e9kleten<\/li>\n<li>p\u00e1ratartalom ellen\u0151rz\u00e9s<\/li>\n<li>azonnali h\u0171t\u00e9s \/ f\u0171t\u00e9s<\/li>\n<li>24 \u00f3r\u00e1s id\u0151z\u00edt\u0151 funkci\u00f3<\/li>\n<li>\u00f6ntiszt\u00edt\u00e1s funkci\u00f3<\/li>\n<li>automatikus hiba diagnosztika funkci\u00f3<\/li>\n<li>Gold Fin bevonat\u00fa h\u0151cser\u00e9l\u0151<\/li>\n<li>f\u00fcgg\u0151leges ir\u00e1ny\u00fa automatikus ir\u00e1ny\u00fa l\u00e9gterel\u00e9s<\/li>\n<li>v\u00edzszintes ir\u00e1ny\u00fa automatikus l\u00e9gterel\u00e9s<\/li>\n<li>cseppt\u00e1lca f\u0171t\u00e9s<\/li>\n<li>karterf\u0171t\u00e9s<\/li>\n<li>be\u00e9p\u00edtett WiFi funkci\u00f3<\/li>\n<\/ul>","protected":false},"featured_media":590,"template":"","meta":{"_acf_changed":false,"neve_meta_sidebar":"","neve_meta_container":"","neve_meta_enable_content_width":"off","neve_meta_content_width":100,"neve_meta_title_alignment":"","neve_meta_author_avatar":"","neve_post_elements_order":"","neve_meta_disable_header":"","neve_meta_disable_footer":"","neve_meta_disable_title":""},"product_brand":[],"product_cat":[100],"product_tag":[],"class_list":{"0":"post-901","1":"product","2":"type-product","3":"status-publish","4":"has-post-thumbnail","6":"product_cat-midea","7":"pa_energiaosztaly-a-a-6","8":"pa_szolgaltatasok-3d-legaram","9":"pa_szolgaltatasok-csendes","10":"pa_szolgaltatasok-futesre-optimalizalt","11":"pa_szolgaltatasok-i-feel-funkcio","12":"pa_szolgaltatasok-plasma-szuro","13":"pa_szolgaltatasok-wifi","14":"pa_teljesitmeny-26-kw","15":"pa_teljesitmeny-35-kw","17":"first","18":"instock","19":"shipping-taxable","20":"purchasable","21":"product-type-variable"},"acf":[],"_links":{"self":[{"href":"https:\/\/pasaretklima.hu\/en\/wp-json\/wp\/v2\/product\/901","targetHints":{"allow":["GET"]}}],"collection":[{"href":"https:\/\/pasaretklima.hu\/en\/wp-json\/wp\/v2\/product"}],"about":[{"href":"https:\/\/pasaretklima.hu\/en\/wp-json\/wp\/v2\/types\/product"}],"wp:featuredmedia":[{"embeddable":true,"href":"https:\/\/pasaretklima.hu\/en\/wp-json\/wp\/v2\/media\/590"}],"wp:attachment":[{"href":"https:\/\/pasaretklima.hu\/en\/wp-json\/wp\/v2\/media?parent=901"}],"wp:term":[{"taxonomy":"product_brand","embeddable":true,"href":"https:\/\/pasaretklima.hu\/en\/wp-json\/wp\/v2\/product_brand?post=901"},{"taxonomy":"product_cat","embeddable":true,"href":"https:\/\/pasaretklima.hu\/en\/wp-json\/wp\/v2\/product_cat?post=901"},{"taxonomy":"product_tag","embeddable":true,"href":"https:\/\/pasaretklima.hu\/en\/wp-json\/wp\/v2\/product_tag?post=901"}],"curies":[{"name":"wp","href":"https:\/\/api.w.org\/{rel}","templated":true}]}}