{"id":890,"date":"2022-06-13T13:44:33","date_gmt":"2022-06-13T11:44:33","guid":{"rendered":"https:\/\/pasaretklima.hu\/?post_type=product&#038;p=890"},"modified":"2022-06-17T22:22:55","modified_gmt":"2022-06-17T20:22:55","slug":"midea-xtreme-save-pro","status":"publish","type":"product","link":"https:\/\/pasaretklima.hu\/en\/klimak\/midea\/midea-xtreme-save-pro\/","title":{"rendered":"Midea Xtreme Save Pro"},"content":{"rendered":"","protected":false},"excerpt":{"rendered":"<ul>\n<li>Automatikus \u00fajraindul\u00e1s<\/li>\n<li>Lamella mem\u00f3ria funkci\u00f3<\/li>\n<li>1W k\u00e9szenl\u00e9ti \u00fczemm\u00f3d<\/li>\n<li>4 ir\u00e1ny\u00fa l\u00e9g\u00e1ram<\/li>\n<li>Turbo \u00fczemm\u00f3d<\/li>\n<li>Alv\u00e1s automata funkci\u00f3<\/li>\n<li>Follow me funkci\u00f3<\/li>\n<li>V\u00e9szhelyzeti \u00fczemm\u00f3d<\/li>\n<li>8 \u2103-os temper\u00e1l\u00f3 f\u0171t\u00e9s<\/li>\n<li>Id\u0151z\u00edt\u0151 funkci\u00f3<\/li>\n<li>5 fokozat\u00fa k\u00fclt\u00e9ri ventill\u00e1tor<\/li>\n<li>Golden Fin<\/li>\n<li>L\u00e1gy l\u00e9g\u00e1ram funkci\u00f3<\/li>\n<li>R32 H\u0171t\u0151k\u00f6zeg<\/li>\n<li>Cseppt\u00e1lca f\u0171t\u00e9s<\/li>\n<li>Gy\u00e1ri Wifi vez\u00e9rl\u00e9s<\/li>\n<li>H\u0171t\u0151k\u00f6zeg-sziv\u00e1rg\u00e1s \u00e9szlel\u00e9s funkci\u00f3<\/li>\n<li>Karterf\u0171t\u00e9s<\/li>\n<li>Eco m\u00f3d (25 %)<\/li>\n<li>\u03c0 alak\u00fa szerel\u0151lap<\/li>\n<li>2 ir\u00e1ny\u00fa cs\u0151csatlakoz\u00e1s<\/li>\n<li>Opcion\u00e1lis multi function board<\/li>\n<li>UV f\u00e9ny fert\u0151tlen\u00edt\u0151<\/li>\n<\/ul>","protected":false},"featured_media":592,"template":"","meta":{"_acf_changed":false,"neve_meta_sidebar":"","neve_meta_container":"","neve_meta_enable_content_width":"off","neve_meta_content_width":100,"neve_meta_title_alignment":"","neve_meta_author_avatar":"","neve_post_elements_order":"","neve_meta_disable_header":"","neve_meta_disable_footer":"","neve_meta_disable_title":""},"product_brand":[],"product_cat":[100],"product_tag":[],"class_list":{"0":"post-890","1":"product","2":"type-product","3":"status-publish","4":"has-post-thumbnail","6":"product_cat-midea","7":"pa_energiaosztaly-a-a","8":"pa_szolgaltatasok-3d-legaram","9":"pa_szolgaltatasok-csendes","10":"pa_szolgaltatasok-i-feel-funkcio","11":"pa_szolgaltatasok-plasma-szuro","12":"pa_szolgaltatasok-wifi","13":"pa_teljesitmeny-26-kw","14":"pa_teljesitmeny-35-kw","16":"first","17":"instock","18":"shipping-taxable","19":"purchasable","20":"product-type-variable"},"acf":[],"_links":{"self":[{"href":"https:\/\/pasaretklima.hu\/en\/wp-json\/wp\/v2\/product\/890","targetHints":{"allow":["GET"]}}],"collection":[{"href":"https:\/\/pasaretklima.hu\/en\/wp-json\/wp\/v2\/product"}],"about":[{"href":"https:\/\/pasaretklima.hu\/en\/wp-json\/wp\/v2\/types\/product"}],"wp:featuredmedia":[{"embeddable":true,"href":"https:\/\/pasaretklima.hu\/en\/wp-json\/wp\/v2\/media\/592"}],"wp:attachment":[{"href":"https:\/\/pasaretklima.hu\/en\/wp-json\/wp\/v2\/media?parent=890"}],"wp:term":[{"taxonomy":"product_brand","embeddable":true,"href":"https:\/\/pasaretklima.hu\/en\/wp-json\/wp\/v2\/product_brand?post=890"},{"taxonomy":"product_cat","embeddable":true,"href":"https:\/\/pasaretklima.hu\/en\/wp-json\/wp\/v2\/product_cat?post=890"},{"taxonomy":"product_tag","embeddable":true,"href":"https:\/\/pasaretklima.hu\/en\/wp-json\/wp\/v2\/product_tag?post=890"}],"curies":[{"name":"wp","href":"https:\/\/api.w.org\/{rel}","templated":true}]}}