{"id":809,"date":"2022-05-28T20:31:47","date_gmt":"2022-05-28T18:31:47","guid":{"rendered":"https:\/\/pasaretklima.hu\/?post_type=product&#038;p=809"},"modified":"2022-06-17T22:17:49","modified_gmt":"2022-06-17T20:17:49","slug":"mdv-next-2","status":"publish","type":"product","link":"https:\/\/pasaretklima.hu\/en\/klimak\/mdv\/mdv-next-2\/","title":{"rendered":"MDV Next"},"content":{"rendered":"","protected":false},"excerpt":{"rendered":"<ul>\n<li>Automatikus \u00fajraindul\u00e1s<\/li>\n<li>Lamella mem\u00f3ria funkci\u00f3<\/li>\n<li>Alacsony h\u0171t\u0151k\u00f6zeg \u00e9rz\u00e9kel\u00e9s<\/li>\n<li>Cold catalyst sz\u0171r\u0151<\/li>\n<li>12 fokozat\u00fa ventill\u00e1tor<\/li>\n<li>Mono&amp;Multi kompatibilis<\/li>\n<li>4 ir\u00e1ny\u00fa l\u00e9g\u00e1ram<\/li>\n<li>Turbo \u00fczemm\u00f3d<\/li>\n<li>Alv\u00e1s automata funkci\u00f3<\/li>\n<li>Eco m\u00f3d<\/li>\n<li>Follow me funkci\u00f3<\/li>\n<li>Ioniz\u00e1tor<\/li>\n<li>WIFI vez\u00e9rl\u00e9s (opcion\u00e1lis)<\/li>\n<li>Nagy s\u0171r\u0171s\u00e9g\u0171 sz\u0171r\u0151<\/li>\n<li>Id\u0151z\u00edt\u0151 funkci\u00f3<\/li>\n<li>5 fokozat\u00fa k\u00fclt\u00e9ri ventill\u00e1tor<\/li>\n<li>Golden Fin<\/li>\n<li>\u00d6ntiszt\u00edt\u00e1s<\/li>\n<\/ul>","protected":false},"featured_media":598,"template":"","meta":{"_acf_changed":false,"neve_meta_sidebar":"","neve_meta_container":"","neve_meta_enable_content_width":"off","neve_meta_content_width":100,"neve_meta_title_alignment":"","neve_meta_author_avatar":"","neve_post_elements_order":"","neve_meta_disable_header":"","neve_meta_disable_footer":"","neve_meta_disable_title":""},"product_brand":[],"product_cat":[98],"product_tag":[],"class_list":{"0":"post-809","1":"product","2":"type-product","3":"status-publish","4":"has-post-thumbnail","6":"product_cat-mdv","7":"pa_energiaosztaly-a-a","8":"pa_szolgaltatasok-3d-legaram","9":"pa_szolgaltatasok-i-feel-funkcio","10":"pa_szolgaltatasok-plasma-szuro","11":"pa_szolgaltatasok-wifi","12":"pa_teljesitmeny-26-kw","13":"pa_teljesitmeny-35-kw","14":"pa_teljesitmeny-53-kw","15":"pa_teljesitmeny-71-kw","17":"first","18":"instock","19":"shipping-taxable","20":"purchasable","21":"product-type-variable"},"acf":[],"_links":{"self":[{"href":"https:\/\/pasaretklima.hu\/en\/wp-json\/wp\/v2\/product\/809","targetHints":{"allow":["GET"]}}],"collection":[{"href":"https:\/\/pasaretklima.hu\/en\/wp-json\/wp\/v2\/product"}],"about":[{"href":"https:\/\/pasaretklima.hu\/en\/wp-json\/wp\/v2\/types\/product"}],"wp:featuredmedia":[{"embeddable":true,"href":"https:\/\/pasaretklima.hu\/en\/wp-json\/wp\/v2\/media\/598"}],"wp:attachment":[{"href":"https:\/\/pasaretklima.hu\/en\/wp-json\/wp\/v2\/media?parent=809"}],"wp:term":[{"taxonomy":"product_brand","embeddable":true,"href":"https:\/\/pasaretklima.hu\/en\/wp-json\/wp\/v2\/product_brand?post=809"},{"taxonomy":"product_cat","embeddable":true,"href":"https:\/\/pasaretklima.hu\/en\/wp-json\/wp\/v2\/product_cat?post=809"},{"taxonomy":"product_tag","embeddable":true,"href":"https:\/\/pasaretklima.hu\/en\/wp-json\/wp\/v2\/product_tag?post=809"}],"curies":[{"name":"wp","href":"https:\/\/api.w.org\/{rel}","templated":true}]}}