{"id":793,"date":"2022-05-28T19:49:53","date_gmt":"2022-05-28T17:49:53","guid":{"rendered":"https:\/\/pasaretklima.hu\/?post_type=product&#038;p=793"},"modified":"2022-06-17T22:16:18","modified_gmt":"2022-06-17T20:16:18","slug":"lg-silence-plus","status":"publish","type":"product","link":"https:\/\/pasaretklima.hu\/en\/klimak\/lg\/lg-silence-plus\/","title":{"rendered":"LG Silence Plus"},"content":{"rendered":"","protected":false},"excerpt":{"rendered":"<div class=\"module-head\">\n<h3 class=\"module-head-title\">LE\u00cdR\u00c1S \u00c9S PARAM\u00c9TEREK<\/h3>\n<\/div>\n<div class=\"module-body\">\n<p>&nbsp;<\/p>\n<ul>\n<li>WIFI vez\u00e9rl\u00e9s<\/li>\n<li>Csendes m\u0171k\u00f6d\u00e9s<\/li>\n<li>Jet cool funkci\u00f3<\/li>\n<li>N\u00e9gyir\u00e1ny\u00fa p\u00e1szt\u00e1z\u00e1s<\/li>\n<li>Akt\u00edv energiaszab\u00e1lyoz\u00e1s<\/li>\n<li>Gyors felf\u0171t\u00e9s<\/li>\n<li>Kett\u0151s v\u00e9delmet ny\u00fajt\u00f3 sz\u0171r\u0151<\/li>\n<li>Automatikus tiszt\u00edt\u00e1s<\/li>\n<li>Golden Fin<\/li>\n<li>alacsony zajszint<\/li>\n<li>energiafogyaszt\u00e1s kijelz\u0151<\/li>\n<li>Kellemes l\u00e9g\u00e1ram funkci\u00f3<\/li>\n<li>K\u00e9sz\u00fcl\u00e9k diagnosztika okos eszk\u00f6zzel<\/li>\n<\/ul>\n<\/div>","protected":false},"featured_media":600,"template":"","meta":{"_acf_changed":false,"neve_meta_sidebar":"","neve_meta_container":"","neve_meta_enable_content_width":"off","neve_meta_content_width":100,"neve_meta_title_alignment":"","neve_meta_author_avatar":"","neve_post_elements_order":"","neve_meta_disable_header":"","neve_meta_disable_footer":"","neve_meta_disable_title":""},"product_brand":[],"product_cat":[96],"product_tag":[],"class_list":{"0":"post-793","1":"product","2":"type-product","3":"status-publish","4":"has-post-thumbnail","6":"product_cat-lg","7":"pa_energiaosztaly-a-a","8":"pa_szolgaltatasok-3d-legaram","9":"pa_szolgaltatasok-csendes","10":"pa_szolgaltatasok-plasma-szuro","11":"pa_szolgaltatasok-wifi","12":"pa_teljesitmeny-26-kw","13":"pa_teljesitmeny-35-kw","14":"pa_teljesitmeny-53-kw","15":"pa_teljesitmeny-71-kw","17":"first","18":"instock","19":"shipping-taxable","20":"purchasable","21":"product-type-variable"},"acf":[],"_links":{"self":[{"href":"https:\/\/pasaretklima.hu\/en\/wp-json\/wp\/v2\/product\/793","targetHints":{"allow":["GET"]}}],"collection":[{"href":"https:\/\/pasaretklima.hu\/en\/wp-json\/wp\/v2\/product"}],"about":[{"href":"https:\/\/pasaretklima.hu\/en\/wp-json\/wp\/v2\/types\/product"}],"wp:featuredmedia":[{"embeddable":true,"href":"https:\/\/pasaretklima.hu\/en\/wp-json\/wp\/v2\/media\/600"}],"wp:attachment":[{"href":"https:\/\/pasaretklima.hu\/en\/wp-json\/wp\/v2\/media?parent=793"}],"wp:term":[{"taxonomy":"product_brand","embeddable":true,"href":"https:\/\/pasaretklima.hu\/en\/wp-json\/wp\/v2\/product_brand?post=793"},{"taxonomy":"product_cat","embeddable":true,"href":"https:\/\/pasaretklima.hu\/en\/wp-json\/wp\/v2\/product_cat?post=793"},{"taxonomy":"product_tag","embeddable":true,"href":"https:\/\/pasaretklima.hu\/en\/wp-json\/wp\/v2\/product_tag?post=793"}],"curies":[{"name":"wp","href":"https:\/\/api.w.org\/{rel}","templated":true}]}}