{"id":788,"date":"2022-05-28T19:48:58","date_gmt":"2022-05-28T17:48:58","guid":{"rendered":"https:\/\/pasaretklima.hu\/?post_type=product&#038;p=788"},"modified":"2022-06-17T22:20:49","modified_gmt":"2022-06-17T20:20:49","slug":"lg-silence","status":"publish","type":"product","link":"https:\/\/pasaretklima.hu\/en\/klimak\/lg\/lg-silence\/","title":{"rendered":"LG Silence"},"content":{"rendered":"","protected":false},"excerpt":{"rendered":"<ul>\n<li>Automatikus \u00fajraindul\u00e1s<\/li>\n<li>Energiatakar\u00e9kos m\u0171k\u00f6d\u00e9s<\/li>\n<li>Csendes m\u0171k\u00f6d\u00e9s<\/li>\n<li>Akt\u00edv energiaszab\u00e1lyoz\u00e1s<\/li>\n<li>K\u00e9tir\u00e1ny\u00fa p\u00e1szt\u00e1z\u00e1s<\/li>\n<li>WIFI vez\u00e9rl\u00e9s (opcion\u00e1lis)<\/li>\n<li>Kett\u0151s v\u00e9delmet ny\u00fajt\u00f3 sz\u0171r\u0151<\/li>\n<li>Okos hibameghat\u00e1roz\u00e1s<\/li>\n<li><span class=\"autohelp\">Bevonatos h\u0151cser\u00e9l\u0151<\/span><\/li>\n<li>\u00c9jszakai\/csendes \u00fczemm\u00f3d<\/li>\n<li>Gyors h\u0171t\u00e9s (Jet Cool)<\/li>\n<li>Id\u0151z\u00edt\u00e9s &#8211; el\u0151re programoz\u00e1s<\/li>\n<li>Infra t\u00e1vir\u00e1ny\u00edt\u00f3<\/li>\n<li>\u00d6ntiszt\u00edt\u00f3 m\u00f3d<\/li>\n<li>P\u00e1r\u00e1tlan\u00edt\u00e1s<\/li>\n<\/ul>","protected":false},"featured_media":601,"template":"","meta":{"_acf_changed":false,"neve_meta_sidebar":"","neve_meta_container":"","neve_meta_enable_content_width":"off","neve_meta_content_width":100,"neve_meta_title_alignment":"","neve_meta_author_avatar":"","neve_post_elements_order":"","neve_meta_disable_header":"","neve_meta_disable_footer":"","neve_meta_disable_title":""},"product_brand":[],"product_cat":[96],"product_tag":[],"class_list":{"0":"post-788","1":"product","2":"type-product","3":"status-publish","4":"has-post-thumbnail","6":"product_cat-lg","7":"pa_energiaosztaly-a-a","8":"pa_szolgaltatasok-3d-legaram","9":"pa_szolgaltatasok-csendes","10":"pa_szolgaltatasok-wifi","11":"pa_teljesitmeny-25-kw","12":"pa_teljesitmeny-35-kw","13":"pa_teljesitmeny-53-kw","14":"pa_teljesitmeny-71-kw","16":"first","17":"instock","18":"shipping-taxable","19":"purchasable","20":"product-type-variable"},"acf":[],"_links":{"self":[{"href":"https:\/\/pasaretklima.hu\/en\/wp-json\/wp\/v2\/product\/788","targetHints":{"allow":["GET"]}}],"collection":[{"href":"https:\/\/pasaretklima.hu\/en\/wp-json\/wp\/v2\/product"}],"about":[{"href":"https:\/\/pasaretklima.hu\/en\/wp-json\/wp\/v2\/types\/product"}],"wp:featuredmedia":[{"embeddable":true,"href":"https:\/\/pasaretklima.hu\/en\/wp-json\/wp\/v2\/media\/601"}],"wp:attachment":[{"href":"https:\/\/pasaretklima.hu\/en\/wp-json\/wp\/v2\/media?parent=788"}],"wp:term":[{"taxonomy":"product_brand","embeddable":true,"href":"https:\/\/pasaretklima.hu\/en\/wp-json\/wp\/v2\/product_brand?post=788"},{"taxonomy":"product_cat","embeddable":true,"href":"https:\/\/pasaretklima.hu\/en\/wp-json\/wp\/v2\/product_cat?post=788"},{"taxonomy":"product_tag","embeddable":true,"href":"https:\/\/pasaretklima.hu\/en\/wp-json\/wp\/v2\/product_tag?post=788"}],"curies":[{"name":"wp","href":"https:\/\/api.w.org\/{rel}","templated":true}]}}