{"id":784,"date":"2022-05-28T19:30:10","date_gmt":"2022-05-28T17:30:10","guid":{"rendered":"https:\/\/pasaretklima.hu\/?post_type=product&#038;p=784"},"modified":"2022-06-17T22:20:29","modified_gmt":"2022-06-17T20:20:29","slug":"gree-pulse-multi-belteri","status":"publish","type":"product","link":"https:\/\/pasaretklima.hu\/en\/klimak\/gree\/gree-pulse-multi-belteri\/","title":{"rendered":"Gree Pulse multi belt\u00e9ri"},"content":{"rendered":"","protected":false},"excerpt":{"rendered":"<ul>\n<li>Wi-Fi vez\u00e9rl\u00e9s<\/li>\n<li>3D l\u00e9g\u00e1ram<\/li>\n<li>Cold Plasma sz\u0171r\u0151<\/li>\n<li>I-Feel funkci\u00f3<\/li>\n<li>8\u00b0C-os temper\u00e1l\u00e1s<\/li>\n<li>LED kijelz\u0151<\/li>\n<li>Kellemes \u00e9jszakai m\u00f3d<\/li>\n<li>T\u00f6bbsz\u00f6r\u00f6s sz\u0171r\u0151rendszer<\/li>\n<li>\u201eTurbo\u201d h\u0171t\u00e9s<\/li>\n<li>Csendes \u00fczemm\u00f3d<\/li>\n<li>24 \u00f3r\u00e1s id\u0151z\u00edt\u0151<\/li>\n<li>Automata tiszt\u00edt\u00e1s<\/li>\n<li>Hideg leveg\u0151 bef\u00faj\u00e1s v\u00e9delem,<\/li>\n<li>\u00c1tfog\u00f3 v\u00e9delem<\/li>\n<li>Tiszt\u00edthat\u00f3 sz\u0171r\u0151k<\/li>\n<li>Min\u0151s\u00e9gi motorok<\/li>\n<li>Id\u0151 kijelz\u00e9s<\/li>\n<li>Billenty\u0171zet z\u00e1r<\/li>\n<li>Sz\u00e9les fesz\u00fclts\u00e9g tartom\u00e1ny<\/li>\n<li>T\u00f6bb ventil\u00e1tor fokozat<\/li>\n<li>\u00d6ndiagn\u00f3zis<\/li>\n<li>Automata \u00fczem<\/li>\n<li>Sz\u00e9les l\u00e9gterel\u00e9s<\/li>\n<li>F\u00fcgg\u0151leges l\u00e9gterel\u00e9s<\/li>\n<li>Mem\u00f3ria funkci\u00f3<\/li>\n<\/ul>","protected":false},"featured_media":578,"template":"","meta":{"_acf_changed":false,"neve_meta_sidebar":"","neve_meta_container":"","neve_meta_enable_content_width":"off","neve_meta_content_width":100,"neve_meta_title_alignment":"","neve_meta_author_avatar":"","neve_post_elements_order":"","neve_meta_disable_header":"","neve_meta_disable_footer":"","neve_meta_disable_title":""},"product_brand":[],"product_cat":[92],"product_tag":[],"class_list":{"0":"post-784","1":"product","2":"type-product","3":"status-publish","4":"has-post-thumbnail","6":"product_cat-gree","7":"pa_szolgaltatasok-3d-legaram","8":"pa_szolgaltatasok-csendes","9":"pa_szolgaltatasok-i-feel-funkcio","10":"pa_szolgaltatasok-plasma-szuro","11":"pa_szolgaltatasok-wifi","12":"pa_teljesitmeny-25-kw","13":"pa_teljesitmeny-32-kw","14":"pa_teljesitmeny-46-kw","16":"first","17":"instock","18":"shipping-taxable","19":"purchasable","20":"product-type-variable"},"acf":[],"_links":{"self":[{"href":"https:\/\/pasaretklima.hu\/en\/wp-json\/wp\/v2\/product\/784","targetHints":{"allow":["GET"]}}],"collection":[{"href":"https:\/\/pasaretklima.hu\/en\/wp-json\/wp\/v2\/product"}],"about":[{"href":"https:\/\/pasaretklima.hu\/en\/wp-json\/wp\/v2\/types\/product"}],"wp:featuredmedia":[{"embeddable":true,"href":"https:\/\/pasaretklima.hu\/en\/wp-json\/wp\/v2\/media\/578"}],"wp:attachment":[{"href":"https:\/\/pasaretklima.hu\/en\/wp-json\/wp\/v2\/media?parent=784"}],"wp:term":[{"taxonomy":"product_brand","embeddable":true,"href":"https:\/\/pasaretklima.hu\/en\/wp-json\/wp\/v2\/product_brand?post=784"},{"taxonomy":"product_cat","embeddable":true,"href":"https:\/\/pasaretklima.hu\/en\/wp-json\/wp\/v2\/product_cat?post=784"},{"taxonomy":"product_tag","embeddable":true,"href":"https:\/\/pasaretklima.hu\/en\/wp-json\/wp\/v2\/product_tag?post=784"}],"curies":[{"name":"wp","href":"https:\/\/api.w.org\/{rel}","templated":true}]}}