{"id":780,"date":"2022-05-28T19:20:18","date_gmt":"2022-05-28T17:20:18","guid":{"rendered":"https:\/\/pasaretklima.hu\/?post_type=product&#038;p=780"},"modified":"2022-06-17T22:20:11","modified_gmt":"2022-06-17T20:20:11","slug":"gree-lomo-plusz-multi-belteri","status":"publish","type":"product","link":"https:\/\/pasaretklima.hu\/en\/klimak\/gree\/gree-lomo-plusz-multi-belteri\/","title":{"rendered":"Gree Lomo Plusz multi belt\u00e9ri"},"content":{"rendered":"","protected":false},"excerpt":{"rendered":"<p>&#8211; ID\u0150Z\u00cdT\u0150<br \/>\n&#8211; WI-FI VEZ\u00c9RL\u00c9S<br \/>\n&#8211; INFRA T\u00c1VIR\u00c1NY\u00cdT\u00d3<br \/>\n&#8211; COLD PLASMA SZ\u0170R\u0150<br \/>\n&#8211; LCD KIJELZ\u0150<br \/>\n&#8211; EGYEDI DESIGN<br \/>\n&#8211; TURBO FUNKCI\u00d3<br \/>\n&#8211; 8\u00b0C-OS TEMPER\u00c1L\u00c1S<br \/>\n&#8211; H\u0170T\u00c9S -15\u00b0C K\u00dcLS\u0150 H\u0150M\u00c9RS\u00c9KLETIG<br \/>\n&#8211; F\u0170T\u00c9S -15\u00b0C K\u00dcLS\u0150 H\u0150M\u00c9RS\u00c9KLETIG<br \/>\n&#8211; VENTIL\u00c1TOR SEBESS\u00c9G\u00c9NEK BE\u00c1LL\u00cdT\u00c1SA<br \/>\n&#8211; \u00d3RA BE\u00c1LL\u00cdT\u00c1S\/KIJELZ\u00c9S<br \/>\n&#8211; L\u00c9G\u00c1RAM IR\u00c1NY\u00c1NAK BE\u00c1LL\u00cdT\u00c1SA<br \/>\n&#8211; T\u00c1VIR\u00c1NY\u00cdT\u00d3BA INTEGR\u00c1LT H\u0150M\u00c9R\u0150 (I FEEL)<\/p>","protected":false},"featured_media":579,"template":"","meta":{"_acf_changed":false,"neve_meta_sidebar":"","neve_meta_container":"","neve_meta_enable_content_width":"off","neve_meta_content_width":100,"neve_meta_title_alignment":"","neve_meta_author_avatar":"","neve_post_elements_order":"","neve_meta_disable_header":"","neve_meta_disable_footer":"","neve_meta_disable_title":""},"product_brand":[],"product_cat":[92],"product_tag":[],"class_list":{"0":"post-780","1":"product","2":"type-product","3":"status-publish","4":"has-post-thumbnail","6":"product_cat-gree","7":"pa_szolgaltatasok-i-feel-funkcio","8":"pa_szolgaltatasok-plasma-szuro","9":"pa_szolgaltatasok-wifi","10":"pa_teljesitmeny-25-kw","11":"pa_teljesitmeny-32-kw","12":"pa_teljesitmeny-46-kw","14":"first","15":"instock","16":"shipping-taxable","17":"purchasable","18":"product-type-variable"},"acf":[],"_links":{"self":[{"href":"https:\/\/pasaretklima.hu\/en\/wp-json\/wp\/v2\/product\/780","targetHints":{"allow":["GET"]}}],"collection":[{"href":"https:\/\/pasaretklima.hu\/en\/wp-json\/wp\/v2\/product"}],"about":[{"href":"https:\/\/pasaretklima.hu\/en\/wp-json\/wp\/v2\/types\/product"}],"wp:featuredmedia":[{"embeddable":true,"href":"https:\/\/pasaretklima.hu\/en\/wp-json\/wp\/v2\/media\/579"}],"wp:attachment":[{"href":"https:\/\/pasaretklima.hu\/en\/wp-json\/wp\/v2\/media?parent=780"}],"wp:term":[{"taxonomy":"product_brand","embeddable":true,"href":"https:\/\/pasaretklima.hu\/en\/wp-json\/wp\/v2\/product_brand?post=780"},{"taxonomy":"product_cat","embeddable":true,"href":"https:\/\/pasaretklima.hu\/en\/wp-json\/wp\/v2\/product_cat?post=780"},{"taxonomy":"product_tag","embeddable":true,"href":"https:\/\/pasaretklima.hu\/en\/wp-json\/wp\/v2\/product_tag?post=780"}],"curies":[{"name":"wp","href":"https:\/\/api.w.org\/{rel}","templated":true}]}}