{"id":768,"date":"2022-05-27T12:42:06","date_gmt":"2022-05-27T10:42:06","guid":{"rendered":"https:\/\/pasaretklima.hu\/?post_type=product&#038;p=768"},"modified":"2022-06-17T22:12:14","modified_gmt":"2022-06-17T20:12:14","slug":"gree-multi-kulteri","status":"publish","type":"product","link":"https:\/\/pasaretklima.hu\/en\/klimak\/gree\/gree-multi-kulteri\/","title":{"rendered":"Gree multi k\u00fclt\u00e9ri"},"content":{"rendered":"","protected":false},"excerpt":{"rendered":"<p>&#8211; KARTERF\u0170T\u00c9S<br \/>\n&#8211; CSEPPT\u00c1LCAF\u0170T\u00c9S<br \/>\n&#8211; SZ\u00c9LES M\u0170K\u00d6D\u00c9SI H\u0170T\u00c9SI\/F\u0170T\u00c9SI TARTOM\u00c1NY<br \/>\n&#8211; LEHET\u0150S\u00c9G SZERINT SZABADON VARI\u00c1LHAT\u00d3 BELT\u00c9RI EGYS\u00c9G<\/p>","protected":false},"featured_media":580,"template":"","meta":{"_acf_changed":false,"neve_meta_sidebar":"","neve_meta_container":"","neve_meta_enable_content_width":"off","neve_meta_content_width":100,"neve_meta_title_alignment":"","neve_meta_author_avatar":"","neve_post_elements_order":"","neve_meta_disable_header":"","neve_meta_disable_footer":"","neve_meta_disable_title":""},"product_brand":[],"product_cat":[92],"product_tag":[],"class_list":{"0":"post-768","1":"product","2":"type-product","3":"status-publish","4":"has-post-thumbnail","6":"product_cat-gree","7":"pa_energiaosztaly-a-a","8":"pa_teljesitmeny-10-kw","9":"pa_teljesitmeny-12-kw","10":"pa_teljesitmeny-41-kw","11":"pa_teljesitmeny-53-kw","12":"pa_teljesitmeny-7-kw","13":"pa_teljesitmeny-82-kw","15":"first","16":"instock","17":"shipping-taxable","18":"purchasable","19":"product-type-variable"},"acf":[],"_links":{"self":[{"href":"https:\/\/pasaretklima.hu\/en\/wp-json\/wp\/v2\/product\/768","targetHints":{"allow":["GET"]}}],"collection":[{"href":"https:\/\/pasaretklima.hu\/en\/wp-json\/wp\/v2\/product"}],"about":[{"href":"https:\/\/pasaretklima.hu\/en\/wp-json\/wp\/v2\/types\/product"}],"wp:featuredmedia":[{"embeddable":true,"href":"https:\/\/pasaretklima.hu\/en\/wp-json\/wp\/v2\/media\/580"}],"wp:attachment":[{"href":"https:\/\/pasaretklima.hu\/en\/wp-json\/wp\/v2\/media?parent=768"}],"wp:term":[{"taxonomy":"product_brand","embeddable":true,"href":"https:\/\/pasaretklima.hu\/en\/wp-json\/wp\/v2\/product_brand?post=768"},{"taxonomy":"product_cat","embeddable":true,"href":"https:\/\/pasaretklima.hu\/en\/wp-json\/wp\/v2\/product_cat?post=768"},{"taxonomy":"product_tag","embeddable":true,"href":"https:\/\/pasaretklima.hu\/en\/wp-json\/wp\/v2\/product_tag?post=768"}],"curies":[{"name":"wp","href":"https:\/\/api.w.org\/{rel}","templated":true}]}}