{"id":748,"date":"2022-05-27T12:10:52","date_gmt":"2022-05-27T10:10:52","guid":{"rendered":"https:\/\/pasaretklima.hu\/?post_type=product&#038;p=748"},"modified":"2022-06-17T21:56:33","modified_gmt":"2022-06-17T19:56:33","slug":"gree-pulse","status":"publish","type":"product","link":"https:\/\/pasaretklima.hu\/en\/klimak\/gree\/gree-pulse\/","title":{"rendered":"Gree Pulse"},"content":{"rendered":"","protected":false},"excerpt":{"rendered":"<div class=\"module-head\">\n<h3 class=\"module-head-title\">LE\u00cdR\u00c1S \u00c9S PARAM\u00c9TEREK<\/h3>\n<\/div>\n<div class=\"module-body\">\n<p>&nbsp;<\/p>\n<ul>\n<li>7 fokozat\u00fa ventil\u00e1tor sebess\u00e9g \u00e1ll\u00edt\u00e1s<\/li>\n<li>matt burkolat<\/li>\n<li>\u00f6ntiszt\u00edt\u00f3 funkci\u00f3<\/li>\n<li>wi-fi vez\u00e9rl\u00e9s<\/li>\n<li>3D\u00a0l\u00e9g\u00e1ram<\/li>\n<li>t\u00e1vir\u00e1ny\u00edt\u00f3ba integr\u00e1lt h\u0151m\u00e9r\u0151 (i feel)<\/li>\n<li>id\u0151z\u00edt\u0151<\/li>\n<li>v\u00e1laszthat\u00f3 vezet\u00e9kes \u00e9s infra t\u00e1vir\u00e1ny\u00edt\u00f3<\/li>\n<li>cold plasma sz\u0171r\u0151<\/li>\n<li>lcd kijelz\u0151<\/li>\n<li>turbo funkci\u00f3<\/li>\n<li>8\u00b0c-os temper\u00e1l\u00e1s<\/li>\n<li>h\u0171t\u00e9s 43\u00b0c k\u00fcls\u0151 h\u0151m\u00e9rs\u00e9kletig<\/li>\n<li>f\u0171t\u00e9s -15\u00b0c k\u00fcls\u0151 h\u0151m\u00e9rs\u00e9kletig<\/li>\n<li>k\u00e1rty\u00e1s kapcsol\u00f3 illeszthet\u0151 hozz\u00e1<\/li>\n<li>\u00f3ra be\u00e1ll\u00edt\u00e1s\/kijelz\u00e9s<\/li>\n<li>l\u00e9g\u00e1ram ir\u00e1ny\u00e1nak be\u00e1ll\u00edt\u00e1sa<\/li>\n<\/ul>\n<\/div>","protected":false},"featured_media":605,"template":"","meta":{"_acf_changed":false,"neve_meta_sidebar":"","neve_meta_container":"","neve_meta_enable_content_width":"off","neve_meta_content_width":100,"neve_meta_title_alignment":"","neve_meta_author_avatar":"","neve_post_elements_order":"","neve_meta_disable_header":"","neve_meta_disable_footer":"","neve_meta_disable_title":""},"product_brand":[],"product_cat":[92],"product_tag":[],"class_list":{"0":"post-748","1":"product","2":"type-product","3":"status-publish","4":"has-post-thumbnail","6":"product_cat-gree","7":"pa_energiaosztaly-a-a","8":"pa_szolgaltatasok-3d-legaram","9":"pa_szolgaltatasok-i-feel-funkcio","10":"pa_szolgaltatasok-plasma-szuro","11":"pa_szolgaltatasok-wifi","12":"pa_teljesitmeny-25-kw","13":"pa_teljesitmeny-32-kw","14":"pa_teljesitmeny-46-kw","15":"pa_teljesitmeny-62-kw","17":"first","18":"instock","19":"shipping-taxable","20":"purchasable","21":"product-type-variable"},"acf":[],"_links":{"self":[{"href":"https:\/\/pasaretklima.hu\/en\/wp-json\/wp\/v2\/product\/748","targetHints":{"allow":["GET"]}}],"collection":[{"href":"https:\/\/pasaretklima.hu\/en\/wp-json\/wp\/v2\/product"}],"about":[{"href":"https:\/\/pasaretklima.hu\/en\/wp-json\/wp\/v2\/types\/product"}],"wp:featuredmedia":[{"embeddable":true,"href":"https:\/\/pasaretklima.hu\/en\/wp-json\/wp\/v2\/media\/605"}],"wp:attachment":[{"href":"https:\/\/pasaretklima.hu\/en\/wp-json\/wp\/v2\/media?parent=748"}],"wp:term":[{"taxonomy":"product_brand","embeddable":true,"href":"https:\/\/pasaretklima.hu\/en\/wp-json\/wp\/v2\/product_brand?post=748"},{"taxonomy":"product_cat","embeddable":true,"href":"https:\/\/pasaretklima.hu\/en\/wp-json\/wp\/v2\/product_cat?post=748"},{"taxonomy":"product_tag","embeddable":true,"href":"https:\/\/pasaretklima.hu\/en\/wp-json\/wp\/v2\/product_tag?post=748"}],"curies":[{"name":"wp","href":"https:\/\/api.w.org\/{rel}","templated":true}]}}