{"id":745,"date":"2022-05-27T12:04:22","date_gmt":"2022-05-27T10:04:22","guid":{"rendered":"https:\/\/pasaretklima.hu\/?post_type=product&#038;p=745"},"modified":"2022-06-17T21:51:37","modified_gmt":"2022-06-17T19:51:37","slug":"gree-lomo-plusz","status":"publish","type":"product","link":"https:\/\/pasaretklima.hu\/en\/klimak\/gree\/gree-lomo-plusz\/","title":{"rendered":"Gree Lomo Plusz"},"content":{"rendered":"","protected":false},"excerpt":{"rendered":"<ul>\n<li>Wifi vez\u00e9rl\u00e9s<\/li>\n<li>Extra sz\u0171r\u0151<\/li>\n<li>Cold Plasma sz\u0171r\u0151<\/li>\n<li>Turb\u00f3 \u00fczemm\u00f3d<\/li>\n<li>Id\u0151z\u00edt\u0151 (programozhat\u00f3)<\/li>\n<li>Infra t\u00e1vir\u00e1ny\u00edt\u00f3<\/li>\n<li>\u00d6ndiagnosztika rendszer<\/li>\n<li>Intelligens leolvaszt\u00e1s<\/li>\n<li>I Feel funkci\u00f3<\/li>\n<\/ul>\n<p>&nbsp;<\/p>","protected":false},"featured_media":606,"template":"","meta":{"_acf_changed":false,"neve_meta_sidebar":"","neve_meta_container":"","neve_meta_enable_content_width":"off","neve_meta_content_width":100,"neve_meta_title_alignment":"","neve_meta_author_avatar":"","neve_post_elements_order":"","neve_meta_disable_header":"","neve_meta_disable_footer":"","neve_meta_disable_title":""},"product_brand":[],"product_cat":[92],"product_tag":[],"class_list":{"0":"post-745","1":"product","2":"type-product","3":"status-publish","4":"has-post-thumbnail","6":"product_cat-gree","7":"pa_energiaosztaly-a-a","8":"pa_szolgaltatasok-i-feel-funkcio","9":"pa_szolgaltatasok-plasma-szuro","10":"pa_szolgaltatasok-wifi","11":"pa_teljesitmeny-25-kw","12":"pa_teljesitmeny-46-kw","14":"first","15":"instock","16":"shipping-taxable","17":"purchasable","18":"product-type-variable"},"acf":[],"_links":{"self":[{"href":"https:\/\/pasaretklima.hu\/en\/wp-json\/wp\/v2\/product\/745","targetHints":{"allow":["GET"]}}],"collection":[{"href":"https:\/\/pasaretklima.hu\/en\/wp-json\/wp\/v2\/product"}],"about":[{"href":"https:\/\/pasaretklima.hu\/en\/wp-json\/wp\/v2\/types\/product"}],"wp:featuredmedia":[{"embeddable":true,"href":"https:\/\/pasaretklima.hu\/en\/wp-json\/wp\/v2\/media\/606"}],"wp:attachment":[{"href":"https:\/\/pasaretklima.hu\/en\/wp-json\/wp\/v2\/media?parent=745"}],"wp:term":[{"taxonomy":"product_brand","embeddable":true,"href":"https:\/\/pasaretklima.hu\/en\/wp-json\/wp\/v2\/product_brand?post=745"},{"taxonomy":"product_cat","embeddable":true,"href":"https:\/\/pasaretklima.hu\/en\/wp-json\/wp\/v2\/product_cat?post=745"},{"taxonomy":"product_tag","embeddable":true,"href":"https:\/\/pasaretklima.hu\/en\/wp-json\/wp\/v2\/product_tag?post=745"}],"curies":[{"name":"wp","href":"https:\/\/api.w.org\/{rel}","templated":true}]}}