{"id":742,"date":"2022-05-27T11:58:22","date_gmt":"2022-05-27T09:58:22","guid":{"rendered":"https:\/\/pasaretklima.hu\/?post_type=product&#038;p=742"},"modified":"2022-06-17T22:24:01","modified_gmt":"2022-06-17T20:24:01","slug":"fujitsu-slim-design-futesre-optimalizalt","status":"publish","type":"product","link":"https:\/\/pasaretklima.hu\/en\/klimak\/fujitsu\/fujitsu-slim-design-futesre-optimalizalt\/","title":{"rendered":"Fujitsu Slim Design f\u0171t\u00e9sre optimaliz\u00e1lt"},"content":{"rendered":"","protected":false},"excerpt":{"rendered":"<p>Wifi csatlakoz\u00e1s-OPCI\u00d3 LAN (UTY-TFSXW1),\u00a0 nagyon csendes ventil\u00e1tor fokozat, gazdas\u00e1gos-, \u00e9jszakai-, p\u00e1r\u00e1tlan\u00edt\u00f3-, Turb\u00f3 \u00fczemm\u00f3d, id\u0151z\u00edt\u00e9s, pen\u00e9sz\u00e1ll\u00f3 bevonat\u00fa porsz\u0171r\u0151 negat\u00edv-ion szagtalan\u00edt\u00f3 sz\u0171r\u0151, 10 \u00b0C-os f\u0171t\u00e9s temper\u00e1l\u00e1s, negat\u00edv-ion szagtalan\u00edt\u00f3 sz\u0171r\u0151, Polyphenol Apple-catechin sz\u0171r\u0151, Mozg\u00e1s- \u00e9rz\u00e9kel\u0151 szenzor az energiatakar\u00e9kos \u00fczemm\u00f3dhoz Heti programoz\u00e1s\u00fa t\u00e1vir\u00e1ny\u00edt\u00f3<\/p>","protected":false},"featured_media":607,"template":"","meta":{"_acf_changed":false,"neve_meta_sidebar":"","neve_meta_container":"","neve_meta_enable_content_width":"off","neve_meta_content_width":100,"neve_meta_title_alignment":"","neve_meta_author_avatar":"","neve_post_elements_order":"","neve_meta_disable_header":"","neve_meta_disable_footer":"","neve_meta_disable_title":""},"product_brand":[],"product_cat":[87],"product_tag":[],"class_list":{"0":"post-742","1":"product","2":"type-product","3":"status-publish","4":"has-post-thumbnail","6":"product_cat-fujitsu","7":"pa_energiaosztaly-a-a-6","8":"pa_szolgaltatasok-csendes","9":"pa_szolgaltatasok-futesre-optimalizalt","10":"pa_szolgaltatasok-plasma-szuro","11":"pa_szolgaltatasok-wifi","12":"pa_teljesitmeny-25-kw","13":"pa_teljesitmeny-35-kw","15":"first","16":"instock","17":"shipping-taxable","18":"purchasable","19":"product-type-variable"},"acf":[],"_links":{"self":[{"href":"https:\/\/pasaretklima.hu\/en\/wp-json\/wp\/v2\/product\/742","targetHints":{"allow":["GET"]}}],"collection":[{"href":"https:\/\/pasaretklima.hu\/en\/wp-json\/wp\/v2\/product"}],"about":[{"href":"https:\/\/pasaretklima.hu\/en\/wp-json\/wp\/v2\/types\/product"}],"wp:featuredmedia":[{"embeddable":true,"href":"https:\/\/pasaretklima.hu\/en\/wp-json\/wp\/v2\/media\/607"}],"wp:attachment":[{"href":"https:\/\/pasaretklima.hu\/en\/wp-json\/wp\/v2\/media?parent=742"}],"wp:term":[{"taxonomy":"product_brand","embeddable":true,"href":"https:\/\/pasaretklima.hu\/en\/wp-json\/wp\/v2\/product_brand?post=742"},{"taxonomy":"product_cat","embeddable":true,"href":"https:\/\/pasaretklima.hu\/en\/wp-json\/wp\/v2\/product_cat?post=742"},{"taxonomy":"product_tag","embeddable":true,"href":"https:\/\/pasaretklima.hu\/en\/wp-json\/wp\/v2\/product_tag?post=742"}],"curies":[{"name":"wp","href":"https:\/\/api.w.org\/{rel}","templated":true}]}}