{"id":731,"date":"2022-05-27T11:46:12","date_gmt":"2022-05-27T09:46:12","guid":{"rendered":"https:\/\/pasaretklima.hu\/?post_type=product&#038;p=731"},"modified":"2022-06-17T22:24:24","modified_gmt":"2022-06-17T20:24:24","slug":"fujitsu-design","status":"publish","type":"product","link":"https:\/\/pasaretklima.hu\/en\/klimak\/fujitsu\/fujitsu-design\/","title":{"rendered":"Fujitsu Design"},"content":{"rendered":"","protected":false},"excerpt":{"rendered":"<p>Pearl white \u00e9s- Silver X Dark gray sz\u00ednekben<\/p>\n<p>Eleg\u00e1ns burkolat, a text\u00fara f\u00e9nyhat\u00e1sra v\u00e1ltozik, Wifi csatlakoz\u00e1s-OPCI\u00d3 (USB-s), A++\/A+ hat\u00e9konys\u00e1g, nagyon csendes ventil\u00e1torfokozat, gazdas\u00e1gos-, \u00e9jszakai-, p\u00e1r\u00e1tlan\u00edt\u00f3-, Turb\u00f3 \u00fczemm\u00f3d, id\u0151z\u00edt\u00e9s, 2 ir\u00e1ny\u00fa automatikus l\u00e9gterel\u00e9s, pen\u00e9sz\u00e1ll\u00f3 bevonat\u00fa porsz\u0171r\u0151, negat\u00edv-ion szagtalan\u00edt\u00f3 sz\u0171r\u0151, Polyphenol Apple-catechin l\u00e9gtiszt\u00edt\u00f3 sz\u0171r\u0151, 10 C f\u0171t\u00e9s temper\u00e1l\u00e1s, heti programoz\u00e1s\u00fa t\u00e1vir\u00e1ny\u00edt\u00f3<\/p>","protected":false},"featured_media":609,"template":"","meta":{"_acf_changed":false,"neve_meta_sidebar":"","neve_meta_container":"","neve_meta_enable_content_width":"off","neve_meta_content_width":100,"neve_meta_title_alignment":"","neve_meta_author_avatar":"","neve_post_elements_order":"","neve_meta_disable_header":"","neve_meta_disable_footer":"","neve_meta_disable_title":""},"product_brand":[],"product_cat":[87],"product_tag":[],"class_list":{"0":"post-731","1":"product","2":"type-product","3":"status-publish","4":"has-post-thumbnail","6":"product_cat-fujitsu","7":"pa_energiaosztaly-a-a","8":"pa_szolgaltatasok-csendes","9":"pa_szolgaltatasok-plasma-szuro","10":"pa_szolgaltatasok-wifi","11":"pa_teljesitmeny-20-kw","12":"pa_teljesitmeny-25-kw","13":"pa_teljesitmeny-34-kw","14":"pa_teljesitmeny-42-kw","16":"first","17":"instock","18":"shipping-taxable","19":"purchasable","20":"product-type-variable"},"acf":[],"_links":{"self":[{"href":"https:\/\/pasaretklima.hu\/en\/wp-json\/wp\/v2\/product\/731","targetHints":{"allow":["GET"]}}],"collection":[{"href":"https:\/\/pasaretklima.hu\/en\/wp-json\/wp\/v2\/product"}],"about":[{"href":"https:\/\/pasaretklima.hu\/en\/wp-json\/wp\/v2\/types\/product"}],"wp:featuredmedia":[{"embeddable":true,"href":"https:\/\/pasaretklima.hu\/en\/wp-json\/wp\/v2\/media\/609"}],"wp:attachment":[{"href":"https:\/\/pasaretklima.hu\/en\/wp-json\/wp\/v2\/media?parent=731"}],"wp:term":[{"taxonomy":"product_brand","embeddable":true,"href":"https:\/\/pasaretklima.hu\/en\/wp-json\/wp\/v2\/product_brand?post=731"},{"taxonomy":"product_cat","embeddable":true,"href":"https:\/\/pasaretklima.hu\/en\/wp-json\/wp\/v2\/product_cat?post=731"},{"taxonomy":"product_tag","embeddable":true,"href":"https:\/\/pasaretklima.hu\/en\/wp-json\/wp\/v2\/product_tag?post=731"}],"curies":[{"name":"wp","href":"https:\/\/api.w.org\/{rel}","templated":true}]}}