{"id":717,"date":"2022-05-27T10:09:22","date_gmt":"2022-05-27T08:09:22","guid":{"rendered":"https:\/\/pasaretklima.hu\/?post_type=product&#038;p=717"},"modified":"2022-06-17T22:24:44","modified_gmt":"2022-06-17T20:24:44","slug":"fujitsu-eco","status":"publish","type":"product","link":"https:\/\/pasaretklima.hu\/en\/klimak\/fujitsu\/fujitsu-eco\/","title":{"rendered":"Fujitsu Eco"},"content":{"rendered":"","protected":false},"excerpt":{"rendered":"<p>Wifi csatlakoz\u00e1s-OPCI\u00d3 (USB-s), nagyon csendes ventil\u00e1torfokozat, gazdas\u00e1gos \u00fczemm\u00f3d, \u00e9jszakai-, p\u00e1r\u00e1tlan\u00edt\u00f3-, Turb\u00f3 \u00fczemm\u00f3d, id\u0151z\u00edt\u00e9s, 2 ir\u00e1ny\u00fa automatikus l\u00e9gterel\u00e9s<\/p>","protected":false},"featured_media":611,"template":"","meta":{"_acf_changed":false,"neve_meta_sidebar":"","neve_meta_container":"","neve_meta_enable_content_width":"off","neve_meta_content_width":100,"neve_meta_title_alignment":"","neve_meta_author_avatar":"","neve_post_elements_order":"","neve_meta_disable_header":"","neve_meta_disable_footer":"","neve_meta_disable_title":""},"product_brand":[],"product_cat":[87],"product_tag":[],"class_list":{"0":"post-717","1":"product","2":"type-product","3":"status-publish","4":"has-post-thumbnail","6":"product_cat-fujitsu","7":"pa_energiaosztaly-a-a","8":"pa_szolgaltatasok-csendes","9":"pa_szolgaltatasok-wifi","10":"pa_teljesitmeny-20-kw","11":"pa_teljesitmeny-25-kw","12":"pa_teljesitmeny-34-kw","13":"pa_teljesitmeny-52-kw","14":"pa_teljesitmeny-71-kw","16":"first","17":"instock","18":"shipping-taxable","19":"purchasable","20":"product-type-variable"},"acf":[],"_links":{"self":[{"href":"https:\/\/pasaretklima.hu\/en\/wp-json\/wp\/v2\/product\/717","targetHints":{"allow":["GET"]}}],"collection":[{"href":"https:\/\/pasaretklima.hu\/en\/wp-json\/wp\/v2\/product"}],"about":[{"href":"https:\/\/pasaretklima.hu\/en\/wp-json\/wp\/v2\/types\/product"}],"wp:featuredmedia":[{"embeddable":true,"href":"https:\/\/pasaretklima.hu\/en\/wp-json\/wp\/v2\/media\/611"}],"wp:attachment":[{"href":"https:\/\/pasaretklima.hu\/en\/wp-json\/wp\/v2\/media?parent=717"}],"wp:term":[{"taxonomy":"product_brand","embeddable":true,"href":"https:\/\/pasaretklima.hu\/en\/wp-json\/wp\/v2\/product_brand?post=717"},{"taxonomy":"product_cat","embeddable":true,"href":"https:\/\/pasaretklima.hu\/en\/wp-json\/wp\/v2\/product_cat?post=717"},{"taxonomy":"product_tag","embeddable":true,"href":"https:\/\/pasaretklima.hu\/en\/wp-json\/wp\/v2\/product_tag?post=717"}],"curies":[{"name":"wp","href":"https:\/\/api.w.org\/{rel}","templated":true}]}}