{"id":651,"date":"2022-05-25T21:07:32","date_gmt":"2022-05-25T19:07:32","guid":{"rendered":"https:\/\/pasaretklima.hu\/?post_type=product&#038;p=651"},"modified":"2022-06-21T20:05:23","modified_gmt":"2022-06-21T18:05:23","slug":"daikin-sensira","status":"publish","type":"product","link":"https:\/\/pasaretklima.hu\/en\/klimak\/daikin\/daikin-sensira\/","title":{"rendered":"Daikin Sensira"},"content":{"rendered":"","protected":false},"excerpt":{"rendered":"<ul>\n<li>24 \u00f3r\u00e1s id\u0151z\u00edt\u0151<\/li>\n<li>Belt\u00e9ri egys\u00e9g csendes \u00fczemm\u00f3d<\/li>\n<li>Nagyteljes\u00edtm\u00e9ny\u0171 \u00fczemm\u00f3d<\/li>\n<li>Egyszer\u0171 haszn\u00e1lat<\/li>\n<li>Wi-Fi opcion\u00e1lis<\/li>\n<li>R32 h\u0171t\u0151k\u00f6zeg<\/li>\n<li>Energiamegtakar\u00edt\u00e1s k\u00e9szenl\u00e9ti \u00fczemm\u00f3dban<\/li>\n<li>Econo \u00fczemm\u00f3d<\/li>\n<li>K\u00e9nyelmes \u00fczemm\u00f3d<\/li>\n<li>Csak ventil\u00e1tor<\/li>\n<li>Er\u0151teljes \u00fczemm\u00f3d<\/li>\n<li>Automatikus h\u0171t\u00e9s-f\u0171t\u00e9s \u00e1tkapcsol\u00e1s<\/li>\n<li>F\u00fcgg\u0151leges automatikus l\u00e9gterel\u00e9s<\/li>\n<li>5 ventil\u00e1tor sebess\u00e9gfokozat<\/li>\n<li>L\u00e9gsz\u0171r\u0151<\/li>\n<li>Automatikus \u00fajraind\u00edt\u00e1s<\/li>\n<\/ul>","protected":false},"featured_media":620,"template":"","meta":{"_acf_changed":false,"neve_meta_sidebar":"","neve_meta_container":"","neve_meta_enable_content_width":"off","neve_meta_content_width":100,"neve_meta_title_alignment":"","neve_meta_author_avatar":"","neve_post_elements_order":"","neve_meta_disable_header":"","neve_meta_disable_footer":"","neve_meta_disable_title":""},"product_brand":[],"product_cat":[80],"product_tag":[],"class_list":{"0":"post-651","1":"product","2":"type-product","3":"status-publish","4":"has-post-thumbnail","6":"product_cat-daikin","7":"pa_energiaosztaly-a-a","8":"pa_szolgaltatasok-3d-legaram","9":"pa_szolgaltatasok-wifi","10":"pa_teljesitmeny-25-kw","11":"pa_teljesitmeny-35-kw","12":"pa_teljesitmeny-5-kw","14":"first","15":"instock","16":"shipping-taxable","17":"purchasable","18":"product-type-variable"},"acf":[],"_links":{"self":[{"href":"https:\/\/pasaretklima.hu\/en\/wp-json\/wp\/v2\/product\/651","targetHints":{"allow":["GET"]}}],"collection":[{"href":"https:\/\/pasaretklima.hu\/en\/wp-json\/wp\/v2\/product"}],"about":[{"href":"https:\/\/pasaretklima.hu\/en\/wp-json\/wp\/v2\/types\/product"}],"wp:featuredmedia":[{"embeddable":true,"href":"https:\/\/pasaretklima.hu\/en\/wp-json\/wp\/v2\/media\/620"}],"wp:attachment":[{"href":"https:\/\/pasaretklima.hu\/en\/wp-json\/wp\/v2\/media?parent=651"}],"wp:term":[{"taxonomy":"product_brand","embeddable":true,"href":"https:\/\/pasaretklima.hu\/en\/wp-json\/wp\/v2\/product_brand?post=651"},{"taxonomy":"product_cat","embeddable":true,"href":"https:\/\/pasaretklima.hu\/en\/wp-json\/wp\/v2\/product_cat?post=651"},{"taxonomy":"product_tag","embeddable":true,"href":"https:\/\/pasaretklima.hu\/en\/wp-json\/wp\/v2\/product_tag?post=651"}],"curies":[{"name":"wp","href":"https:\/\/api.w.org\/{rel}","templated":true}]}}